{"id":2100,"date":"2022-05-25T00:37:54","date_gmt":"2022-05-24T22:37:54","guid":{"rendered":"https:\/\/catysf.ch\/?page_id=2100"},"modified":"2022-05-26T02:09:56","modified_gmt":"2022-05-26T00:09:56","slug":"cours","status":"publish","type":"page","link":"https:\/\/catysf.ch\/fr_fr\/cours\/","title":{"rendered":"Cours"},"content":{"rendered":"\t\t<div data-elementor-type=\"wp-page\" data-elementor-id=\"2100\" class=\"elementor elementor-2100\">\n\t\t\t\t\t\t<section class=\"elementor-section elementor-top-section elementor-element elementor-element-408963c8 elementor-section-height-min-height elementor-section-boxed elementor-section-height-default elementor-section-items-middle jltma-glass-effect-no\" data-id=\"408963c8\" data-element_type=\"section\" data-e-type=\"section\" data-settings=\"{&quot;background_background&quot;:&quot;classic&quot;}\">\n\t\t\t\t\t\t<div class=\"elementor-container elementor-column-gap-default\">\n\t\t\t\t\t<div class=\"elementor-column elementor-col-100 elementor-top-column elementor-element elementor-element-3918433 jltma-glass-effect-no\" data-id=\"3918433\" data-element_type=\"column\" data-e-type=\"column\">\n\t\t\t<div class=\"elementor-widget-wrap elementor-element-populated\">\n\t\t\t\t\t\t<div class=\"elementor-element elementor-element-7c0d384 jltma-glass-effect-no elementor-widget elementor-widget-heading\" data-id=\"7c0d384\" data-element_type=\"widget\" data-e-type=\"widget\" data-widget_type=\"heading.default\">\n\t\t\t\t<div class=\"elementor-widget-container\">\n\t\t\t\t\t<h1 class=\"elementor-heading-title elementor-size-default\">COURS<\/h1>\t\t\t\t<\/div>\n\t\t\t\t<\/div>\n\t\t\t\t\t<\/div>\n\t\t<\/div>\n\t\t\t\t\t<\/div>\n\t\t<\/section>\n\t\t\t\t<section class=\"elementor-section elementor-top-section elementor-element elementor-element-15169a2b elementor-reverse-mobile elementor-section-boxed elementor-section-height-default elementor-section-height-default jltma-glass-effect-no\" data-id=\"15169a2b\" data-element_type=\"section\" data-e-type=\"section\" data-settings=\"{&quot;background_background&quot;:&quot;classic&quot;}\">\n\t\t\t\t\t\t\t<div class=\"elementor-background-overlay\"><\/div>\n\t\t\t\t\t\t\t<div class=\"elementor-container elementor-column-gap-default\">\n\t\t\t\t\t<div class=\"elementor-column elementor-col-50 elementor-top-column elementor-element elementor-element-79a76716 animated-fast jltma-glass-effect-no elementor-invisible\" data-id=\"79a76716\" data-element_type=\"column\" data-e-type=\"column\" data-settings=\"{&quot;animation&quot;:&quot;fadeIn&quot;}\">\n\t\t\t<div class=\"elementor-widget-wrap elementor-element-populated\">\n\t\t\t\t\t\t<div class=\"elementor-element elementor-element-10bc94da e-transform jltma-glass-effect-no elementor-invisible elementor-widget elementor-widget-heading\" data-id=\"10bc94da\" data-element_type=\"widget\" data-e-type=\"widget\" data-settings=\"{&quot;_animation&quot;:&quot;fadeInDown&quot;,&quot;_transform_rotateZ_effect_hover&quot;:{&quot;unit&quot;:&quot;px&quot;,&quot;size&quot;:2,&quot;sizes&quot;:[]},&quot;_transform_rotateZ_effect_hover_tablet&quot;:{&quot;unit&quot;:&quot;deg&quot;,&quot;size&quot;:&quot;&quot;,&quot;sizes&quot;:[]},&quot;_transform_rotateZ_effect_hover_mobile&quot;:{&quot;unit&quot;:&quot;deg&quot;,&quot;size&quot;:&quot;&quot;,&quot;sizes&quot;:[]}}\" data-widget_type=\"heading.default\">\n\t\t\t\t<div class=\"elementor-widget-container\">\n\t\t\t\t\t<h3 class=\"elementor-heading-title elementor-size-large\"><a href=\"\/preparacaoparto\" title=\"Preparation \u00e0 la naissance\"> Preparation \u00e0 la naissance<\/a><\/h3>\t\t\t\t<\/div>\n\t\t\t\t<\/div>\n\t\t\t\t<div class=\"elementor-element elementor-element-7c5f5c4 jltma-glass-effect-no elementor-widget elementor-widget-text-editor\" data-id=\"7c5f5c4\" data-element_type=\"widget\" data-e-type=\"widget\" data-widget_type=\"text-editor.default\">\n\t\t\t\t<div class=\"elementor-widget-container\">\n\t\t\t\t\t\t\t\t\t<p>L&rsquo;enseignement de la pr\u00e9paration \u00e0 la naissance fait partie des prestations et du champ d&rsquo;activit\u00e9 de la profession de sage-femme.<\/p><p>Votre assurance vous donne un forfait de 150chf pour cette prestation.<\/p>\t\t\t\t\t\t\t\t<\/div>\n\t\t\t\t<\/div>\n\t\t\t\t<div class=\"elementor-element elementor-element-5124d3bc jltma-glass-effect-no elementor-widget elementor-widget-text-editor\" data-id=\"5124d3bc\" data-element_type=\"widget\" data-e-type=\"widget\" data-widget_type=\"text-editor.default\">\n\t\t\t\t<div class=\"elementor-widget-container\">\n\t\t\t\t\t\t\t\t\t<p>Les cours sont propos\u00e9s aussi en <b>Portugais<\/b> selon demande.<\/p><p>Ces cours vous permettent d&rsquo;avoir des informations et conseils de la part de la sage-femme et de les faire seule au en couple.<\/p>\t\t\t\t\t\t\t\t<\/div>\n\t\t\t\t<\/div>\n\t\t\t\t<section class=\"elementor-section elementor-inner-section elementor-element elementor-element-452efddc elementor-section-boxed elementor-section-height-default elementor-section-height-default jltma-glass-effect-no\" data-id=\"452efddc\" data-element_type=\"section\" data-e-type=\"section\">\n\t\t\t\t\t\t<div class=\"elementor-container elementor-column-gap-default\">\n\t\t\t\t\t<div class=\"elementor-column elementor-col-50 elementor-inner-column elementor-element elementor-element-db57777 jltma-glass-effect-no elementor-invisible\" data-id=\"db57777\" data-element_type=\"column\" data-e-type=\"column\" data-settings=\"{&quot;animation&quot;:&quot;fadeIn&quot;}\">\n\t\t\t<div class=\"elementor-widget-wrap elementor-element-populated\">\n\t\t\t\t\t\t<div class=\"elementor-element elementor-element-590f5f8d elementor-vertical-align-top jltma-glass-effect-no elementor-widget elementor-widget-image-box\" data-id=\"590f5f8d\" data-element_type=\"widget\" data-e-type=\"widget\" data-widget_type=\"image-box.default\">\n\t\t\t\t<div class=\"elementor-widget-container\">\n\t\t\t\t\t<div class=\"elementor-image-box-wrapper\"><div class=\"elementor-image-box-content\"><h3 class=\"elementor-image-box-title\">Alleitement<\/h3><p class=\"elementor-image-box-description\">Cours alleitement<\/p><\/div><\/div>\t\t\t\t<\/div>\n\t\t\t\t<\/div>\n\t\t\t\t\t<\/div>\n\t\t<\/div>\n\t\t\t\t<div class=\"elementor-column elementor-col-50 elementor-inner-column elementor-element elementor-element-1cedcd09 animated-slow jltma-glass-effect-no elementor-invisible\" data-id=\"1cedcd09\" data-element_type=\"column\" data-e-type=\"column\" data-settings=\"{&quot;animation&quot;:&quot;fadeIn&quot;}\">\n\t\t\t<div class=\"elementor-widget-wrap elementor-element-populated\">\n\t\t\t\t\t\t<div class=\"elementor-element elementor-element-42390281 elementor-vertical-align-top jltma-glass-effect-no elementor-widget elementor-widget-image-box\" data-id=\"42390281\" data-element_type=\"widget\" data-e-type=\"widget\" data-widget_type=\"image-box.default\">\n\t\t\t\t<div class=\"elementor-widget-container\">\n\t\t\t\t\t<div class=\"elementor-image-box-wrapper\"><div class=\"elementor-image-box-content\"><h3 class=\"elementor-image-box-title\">Massage bebe<\/h3><p class=\"elementor-image-box-description\">Prochainement<\/p><\/div><\/div>\t\t\t\t<\/div>\n\t\t\t\t<\/div>\n\t\t\t\t\t<\/div>\n\t\t<\/div>\n\t\t\t\t\t<\/div>\n\t\t<\/section>\n\t\t\t\t\t<\/div>\n\t\t<\/div>\n\t\t\t\t<div class=\"elementor-column elementor-col-50 elementor-top-column elementor-element elementor-element-6b8451a0 jltma-glass-effect-no\" data-id=\"6b8451a0\" data-element_type=\"column\" data-e-type=\"column\" data-settings=\"{&quot;background_background&quot;:&quot;classic&quot;}\">\n\t\t\t<div class=\"elementor-widget-wrap elementor-element-populated\">\n\t\t\t\t\t\t<div class=\"elementor-element elementor-element-51c2a9db jltma-glass-effect-no elementor-invisible elementor-widget elementor-widget-image\" data-id=\"51c2a9db\" data-element_type=\"widget\" data-e-type=\"widget\" data-settings=\"{&quot;_animation&quot;:&quot;fadeInLeft&quot;}\" data-widget_type=\"image.default\">\n\t\t\t\t<div class=\"elementor-widget-container\">\n\t\t\t\t\t\t\t\t\t\t\t\t\t\t\t<img fetchpriority=\"high\" decoding=\"async\" width=\"699\" height=\"699\" src=\"https:\/\/catysf.ch\/wp-content\/uploads\/2022\/05\/gravida.png\" class=\"attachment-full size-full wp-image-1670\" alt=\"Pr\u00e9paration \u00e0 la naissance\" srcset=\"https:\/\/catysf.ch\/wp-content\/uploads\/2022\/05\/gravida.png 699w, https:\/\/catysf.ch\/wp-content\/uploads\/2022\/05\/gravida-300x300.png 300w, https:\/\/catysf.ch\/wp-content\/uploads\/2022\/05\/gravida-150x150.png 150w\" sizes=\"(max-width: 699px) 100vw, 699px\" \/>\t\t\t\t\t\t\t\t\t\t\t\t\t\t\t<\/div>\n\t\t\t\t<\/div>\n\t\t\t\t\t<\/div>\n\t\t<\/div>\n\t\t\t\t\t<\/div>\n\t\t<\/section>\n\t\t\t\t<\/div>\n\t\t","protected":false},"excerpt":{"rendered":"<p>COURS Preparation \u00e0 la naissance L&rsquo;enseignement de la pr\u00e9paration \u00e0 la naissance fait partie des prestations et du champ d&rsquo;activit\u00e9 de la profession de sage-femme. Votre assurance vous donne un forfait de 150chf pour cette prestation. Les cours sont propos\u00e9s aussi en Portugais selon demande. Ces cours vous permettent d&rsquo;avoir des informations et conseils de&hellip;&nbsp;<a href=\"https:\/\/catysf.ch\/fr_fr\/cours\/\" rel=\"bookmark\">Lire la suite &raquo;<span class=\"screen-reader-text\">Cours<\/span><\/a><\/p>\n","protected":false},"author":2,"featured_media":0,"parent":0,"menu_order":0,"comment_status":"closed","ping_status":"closed","template":"page-templates\/template-pagebuilder-full-width.php","meta":{"neve_meta_sidebar":"","neve_meta_container":"","neve_meta_enable_content_width":"","neve_meta_content_width":0,"neve_meta_title_alignment":"","neve_meta_author_avatar":"","neve_post_elements_order":"","neve_meta_disable_header":"","neve_meta_disable_footer":"","neve_meta_disable_title":"","footnotes":""},"class_list":["post-2100","page","type-page","status-publish","hentry"],"_links":{"self":[{"href":"https:\/\/catysf.ch\/fr_fr\/wp-json\/wp\/v2\/pages\/2100","targetHints":{"allow":["GET"]}}],"collection":[{"href":"https:\/\/catysf.ch\/fr_fr\/wp-json\/wp\/v2\/pages"}],"about":[{"href":"https:\/\/catysf.ch\/fr_fr\/wp-json\/wp\/v2\/types\/page"}],"author":[{"embeddable":true,"href":"https:\/\/catysf.ch\/fr_fr\/wp-json\/wp\/v2\/users\/2"}],"replies":[{"embeddable":true,"href":"https:\/\/catysf.ch\/fr_fr\/wp-json\/wp\/v2\/comments?post=2100"}],"version-history":[{"count":64,"href":"https:\/\/catysf.ch\/fr_fr\/wp-json\/wp\/v2\/pages\/2100\/revisions"}],"predecessor-version":[{"id":2261,"href":"https:\/\/catysf.ch\/fr_fr\/wp-json\/wp\/v2\/pages\/2100\/revisions\/2261"}],"wp:attachment":[{"href":"https:\/\/catysf.ch\/fr_fr\/wp-json\/wp\/v2\/media?parent=2100"}],"curies":[{"name":"wp","href":"https:\/\/api.w.org\/{rel}","templated":true}]}}