{"id":1950,"date":"2022-05-23T18:02:27","date_gmt":"2022-05-23T16:02:27","guid":{"rendered":"https:\/\/catysf.ch\/?page_id=1950"},"modified":"2022-06-04T14:31:59","modified_gmt":"2022-06-04T12:31:59","slug":"apresentacao-2","status":"publish","type":"page","link":"https:\/\/catysf.ch\/fr_fr\/apresentacao-2\/","title":{"rendered":"Apresenta\u00e7\u00e3o"},"content":{"rendered":"\t\t<div data-elementor-type=\"wp-page\" data-elementor-id=\"1950\" class=\"elementor elementor-1950\">\n\t\t\t\t\t\t<section class=\"elementor-section elementor-top-section elementor-element elementor-element-23af0z2 elementor-section-boxed elementor-section-height-default elementor-section-height-default jltma-glass-effect-no\" data-id=\"23af0z2\" data-element_type=\"section\" data-e-type=\"section\" data-settings=\"{&quot;background_background&quot;:&quot;classic&quot;}\">\n\t\t\t\t\t\t<div class=\"elementor-container elementor-column-gap-no\">\n\t\t\t\t\t<div class=\"elementor-column elementor-col-33 elementor-top-column elementor-element elementor-element-1a4e914 jltma-glass-effect-no\" data-id=\"1a4e914\" data-element_type=\"column\" data-e-type=\"column\" data-settings=\"{&quot;background_background&quot;:&quot;classic&quot;}\">\n\t\t\t<div class=\"elementor-widget-wrap elementor-element-populated\">\n\t\t\t\t\t\t<div class=\"elementor-element elementor-element-b3d6d32 jltma-glass-effect-no elementor-widget elementor-widget-image\" data-id=\"b3d6d32\" data-element_type=\"widget\" data-e-type=\"widget\" data-widget_type=\"image.default\">\n\t\t\t\t<div class=\"elementor-widget-container\">\n\t\t\t\t\t\t\t\t\t\t\t\t\t\t\t<img decoding=\"async\" width=\"151\" height=\"233\" src=\"https:\/\/catysf.ch\/wp-content\/uploads\/2022\/05\/caty.png\" class=\"attachment-full size-full wp-image-1479\" alt=\"Catarina Andrade\" \/>\t\t\t\t\t\t\t\t\t\t\t\t\t\t\t<\/div>\n\t\t\t\t<\/div>\n\t\t\t\t\t<\/div>\n\t\t<\/div>\n\t\t\t\t<div class=\"elementor-column elementor-col-33 elementor-top-column elementor-element elementor-element-572841d jltma-glass-effect-no\" data-id=\"572841d\" data-element_type=\"column\" data-e-type=\"column\">\n\t\t\t<div class=\"elementor-widget-wrap elementor-element-populated\">\n\t\t\t\t\t\t<div class=\"elementor-element elementor-element-de89e1a jltma-glass-effect-no elementor-widget elementor-widget-heading\" data-id=\"de89e1a\" data-element_type=\"widget\" data-e-type=\"widget\" data-widget_type=\"heading.default\">\n\t\t\t\t<div class=\"elementor-widget-container\">\n\t\t\t\t\t<h5 class=\"elementor-heading-title elementor-size-default\">Infermi\u00e9re Sage-Femme Ind\u00e9pendante<\/h5>\t\t\t\t<\/div>\n\t\t\t\t<\/div>\n\t\t\t\t<div class=\"elementor-element elementor-element-81bd81a elementor-widget-divider--view-line jltma-glass-effect-no elementor-widget elementor-widget-divider\" data-id=\"81bd81a\" data-element_type=\"widget\" data-e-type=\"widget\" data-widget_type=\"divider.default\">\n\t\t\t\t<div class=\"elementor-widget-container\">\n\t\t\t\t\t\t\t<div class=\"elementor-divider\">\n\t\t\t<span class=\"elementor-divider-separator\">\n\t\t\t\t\t\t<\/span>\n\t\t<\/div>\n\t\t\t\t\t\t<\/div>\n\t\t\t\t<\/div>\n\t\t\t\t<div class=\"elementor-element elementor-element-1aa2a02 jltma-glass-effect-no elementor-widget elementor-widget-text-editor\" data-id=\"1aa2a02\" data-element_type=\"widget\" data-e-type=\"widget\" data-widget_type=\"text-editor.default\">\n\t\t\t\t<div class=\"elementor-widget-container\">\n\t\t\t\t\t\t\t\t\t<p class=\"MsoNormal\" style=\"margin-bottom: 0cm; text-align: justify; line-height: normal;\"><span lang=\"FR-CH\" style=\"font-family: 'Tahoma',sans-serif;\">Je suis titulaire des dipl\u00f4mes de bachelor d\u2019infirmi\u00e8re, graduation en sciences infirmi\u00e8res et du dipl\u00f4me de sp\u00e9cialisation en sant\u00e9 maternelle (sage-femme), avec plus de 15 ans comme sage- femme et plus de 23 ans comme infirmi\u00e8re.<\/span><\/p>\t\t\t\t\t\t\t\t<\/div>\n\t\t\t\t<\/div>\n\t\t\t\t<div class=\"elementor-element elementor-element-bef1564 jltma-glass-effect-no elementor-widget elementor-widget-text-editor\" data-id=\"bef1564\" data-element_type=\"widget\" data-e-type=\"widget\" data-widget_type=\"text-editor.default\">\n\t\t\t\t<div class=\"elementor-widget-container\">\n\t\t\t\t\t\t\t\t\t<p class=\"MsoNormal\" style=\"margin-bottom: 0cm; text-align: justify; line-height: normal; color:red;\"><span lang=\"FR-CH\" style=\"font-family: 'Tahoma',sans-serif;\">J\u2019ai beaucoup d\u2019exp\u00e9rience dans le domaine de la gyn\u00e9cologie, pr\u00e9natal, salle d\u2019accouchement et maternit\u00e9 en raison de mon parcours professionnel. \u00c0 Lisbonne, j\u2019\u00e9tais sage-femme cheffe <\/span><span lang=\"FR-CH\" style=\"font-family: 'Tahoma',sans-serif;\">d\u2019\u00e9quipe.<\/span><\/p>\t\t\t\t\t\t\t\t<\/div>\n\t\t\t\t<\/div>\n\t\t\t\t<div class=\"elementor-element elementor-element-83f73ed jltma-glass-effect-no elementor-widget elementor-widget-heading\" data-id=\"83f73ed\" data-element_type=\"widget\" data-e-type=\"widget\" data-widget_type=\"heading.default\">\n\t\t\t\t<div class=\"elementor-widget-container\">\n\t\t\t\t\t<span class=\"elementor-heading-title elementor-size-default\">contacte moi<\/span>\t\t\t\t<\/div>\n\t\t\t\t<\/div>\n\t\t\t\t<div class=\"elementor-element elementor-element-606b1b6 jltma-glass-effect-no elementor-widget elementor-widget-heading\" data-id=\"606b1b6\" data-element_type=\"widget\" data-e-type=\"widget\" data-widget_type=\"heading.default\">\n\t\t\t\t<div class=\"elementor-widget-container\">\n\t\t\t\t\t<h6 class=\"elementor-heading-title elementor-size-default\"><a href=\"#\"><a href=\"mailto:info@catysf.ch\"> info@catysf.ch <\/a> <br><br>\n077  904 34 87<\/a><\/h6>\t\t\t\t<\/div>\n\t\t\t\t<\/div>\n\t\t\t\t\t<\/div>\n\t\t<\/div>\n\t\t\t\t<div class=\"elementor-column elementor-col-33 elementor-top-column elementor-element elementor-element-04080f3 jltma-glass-effect-no\" data-id=\"04080f3\" data-element_type=\"column\" data-e-type=\"column\">\n\t\t\t<div class=\"elementor-widget-wrap elementor-element-populated\">\n\t\t\t\t\t\t<div class=\"elementor-element elementor-element-213200c jltma-glass-effect-no elementor-widget elementor-widget-heading\" data-id=\"213200c\" data-element_type=\"widget\" data-e-type=\"widget\" data-widget_type=\"heading.default\">\n\t\t\t\t<div class=\"elementor-widget-container\">\n\t\t\t\t\t<h5 class=\"elementor-heading-title elementor-size-default\">Mes comp\u00e9tences<\/h5>\t\t\t\t<\/div>\n\t\t\t\t<\/div>\n\t\t\t\t<div class=\"elementor-element elementor-element-8e07fc0 elementor-widget-divider--view-line jltma-glass-effect-no elementor-widget elementor-widget-divider\" data-id=\"8e07fc0\" data-element_type=\"widget\" data-e-type=\"widget\" data-widget_type=\"divider.default\">\n\t\t\t\t<div class=\"elementor-widget-container\">\n\t\t\t\t\t\t\t<div class=\"elementor-divider\">\n\t\t\t<span class=\"elementor-divider-separator\">\n\t\t\t\t\t\t<\/span>\n\t\t<\/div>\n\t\t\t\t\t\t<\/div>\n\t\t\t\t<\/div>\n\t\t\t\t<div class=\"elementor-element elementor-element-8bdb6ff jltma-glass-effect-no elementor-widget elementor-widget-text-editor\" data-id=\"8bdb6ff\" data-element_type=\"widget\" data-e-type=\"widget\" data-widget_type=\"text-editor.default\">\n\t\t\t\t<div class=\"elementor-widget-container\">\n\t\t\t\t\t\t\t\t\t<p>Mon exp\u00e9rience professionnelle a \u00e9t\u00e9 tr\u00e8s enrichissante tant sur le plan technique qu\u2019humain.<\/p>\t\t\t\t\t\t\t\t<\/div>\n\t\t\t\t<\/div>\n\t\t\t\t<div class=\"elementor-element elementor-element-be9c19e jltma-glass-effect-no elementor-widget elementor-widget-text-editor\" data-id=\"be9c19e\" data-element_type=\"widget\" data-e-type=\"widget\" data-widget_type=\"text-editor.default\">\n\t\t\t\t<div class=\"elementor-widget-container\">\n\t\t\t\t\t\t\t\t\t<p>J\u2019ai des comp\u00e9tences vari\u00e9es desquels je souligne le sens de responsabilit\u00e9, l\u2019identification des probl\u00e8mes et sa r\u00e9solution, d\u00e9l\u00e9gation et supervision de taches.<\/p>\t\t\t\t\t\t\t\t<\/div>\n\t\t\t\t<\/div>\n\t\t\t\t<div class=\"elementor-element elementor-element-c74c15c elementor-align-start elementor-hidden-tablet elementor-hidden-phone elementor-icon-list--layout-inline elementor-list-item-link-full_width jltma-glass-effect-no elementor-widget elementor-widget-icon-list\" data-id=\"c74c15c\" data-element_type=\"widget\" data-e-type=\"widget\" data-widget_type=\"icon-list.default\">\n\t\t\t\t<div class=\"elementor-widget-container\">\n\t\t\t\t\t\t\t<ul class=\"elementor-icon-list-items elementor-inline-items\">\n\t\t\t\t\t\t\t<li class=\"elementor-icon-list-item elementor-inline-item\">\n\t\t\t\t\t\t\t\t\t\t\t<a href=\"https:\/\/www.facebook.com\/profile.php?id=100081440981166\">\n\n\t\t\t\t\t\t\t\t\t\t\t\t<span class=\"elementor-icon-list-icon\">\n\t\t\t\t\t\t\t<i aria-hidden=\"true\" class=\"fab fa-facebook-f\"><\/i>\t\t\t\t\t\t<\/span>\n\t\t\t\t\t\t\t\t\t\t<span class=\"elementor-icon-list-text\"><\/span>\n\t\t\t\t\t\t\t\t\t\t\t<\/a>\n\t\t\t\t\t\t\t\t\t<\/li>\n\t\t\t\t\t\t<\/ul>\n\t\t\t\t\t\t<\/div>\n\t\t\t\t<\/div>\n\t\t\t\t\t<\/div>\n\t\t<\/div>\n\t\t\t\t\t<\/div>\n\t\t<\/section>\n\t\t\t\t<\/div>\n\t\t","protected":false},"excerpt":{"rendered":"<p>Infermi\u00e9re Sage-Femme Ind\u00e9pendante Je suis titulaire des dipl\u00f4mes de bachelor d\u2019infirmi\u00e8re, graduation en sciences infirmi\u00e8res et du dipl\u00f4me de sp\u00e9cialisation en sant\u00e9 maternelle (sage-femme), avec plus de 15 ans comme sage- femme et plus de 23 ans comme infirmi\u00e8re. J\u2019ai beaucoup d\u2019exp\u00e9rience dans le domaine de la gyn\u00e9cologie, pr\u00e9natal, salle d\u2019accouchement et maternit\u00e9 en raison&hellip;&nbsp;<a href=\"https:\/\/catysf.ch\/fr_fr\/apresentacao-2\/\" rel=\"bookmark\">Lire la suite &raquo;<span class=\"screen-reader-text\">Apresenta\u00e7\u00e3o<\/span><\/a><\/p>\n","protected":false},"author":2,"featured_media":0,"parent":0,"menu_order":0,"comment_status":"closed","ping_status":"closed","template":"page-templates\/template-pagebuilder-full-width.php","meta":{"neve_meta_sidebar":"","neve_meta_container":"","neve_meta_enable_content_width":"","neve_meta_content_width":0,"neve_meta_title_alignment":"","neve_meta_author_avatar":"","neve_post_elements_order":"","neve_meta_disable_header":"","neve_meta_disable_footer":"","neve_meta_disable_title":"","footnotes":""},"class_list":["post-1950","page","type-page","status-publish","hentry"],"_links":{"self":[{"href":"https:\/\/catysf.ch\/fr_fr\/wp-json\/wp\/v2\/pages\/1950","targetHints":{"allow":["GET"]}}],"collection":[{"href":"https:\/\/catysf.ch\/fr_fr\/wp-json\/wp\/v2\/pages"}],"about":[{"href":"https:\/\/catysf.ch\/fr_fr\/wp-json\/wp\/v2\/types\/page"}],"author":[{"embeddable":true,"href":"https:\/\/catysf.ch\/fr_fr\/wp-json\/wp\/v2\/users\/2"}],"replies":[{"embeddable":true,"href":"https:\/\/catysf.ch\/fr_fr\/wp-json\/wp\/v2\/comments?post=1950"}],"version-history":[{"count":64,"href":"https:\/\/catysf.ch\/fr_fr\/wp-json\/wp\/v2\/pages\/1950\/revisions"}],"predecessor-version":[{"id":2334,"href":"https:\/\/catysf.ch\/fr_fr\/wp-json\/wp\/v2\/pages\/1950\/revisions\/2334"}],"wp:attachment":[{"href":"https:\/\/catysf.ch\/fr_fr\/wp-json\/wp\/v2\/media?parent=1950"}],"curies":[{"name":"wp","href":"https:\/\/api.w.org\/{rel}","templated":true}]}}