{"id":1693,"date":"2022-05-16T22:46:25","date_gmt":"2022-05-16T20:46:25","guid":{"rendered":"http:\/\/localhost\/catysf\/?page_id=1693"},"modified":"2022-05-26T01:52:05","modified_gmt":"2022-05-25T23:52:05","slug":"preparacaoparto","status":"publish","type":"page","link":"https:\/\/catysf.ch\/fr_fr\/preparacaoparto\/","title":{"rendered":"Preparacao_Parto"},"content":{"rendered":"\t\t<div data-elementor-type=\"wp-page\" data-elementor-id=\"1693\" class=\"elementor elementor-1693\">\n\t\t\t\t\t\t<section class=\"elementor-section elementor-top-section elementor-element elementor-element-20c96685 elementor-section-boxed elementor-section-height-default elementor-section-height-default jltma-glass-effect-no\" data-id=\"20c96685\" data-element_type=\"section\" data-e-type=\"section\">\n\t\t\t\t\t\t<div class=\"elementor-container elementor-column-gap-default\">\n\t\t\t\t\t<div class=\"elementor-column elementor-col-100 elementor-top-column elementor-element elementor-element-6476814 jltma-glass-effect-no\" data-id=\"6476814\" data-element_type=\"column\" data-e-type=\"column\">\n\t\t\t<div class=\"elementor-widget-wrap elementor-element-populated\">\n\t\t\t\t\t\t<div class=\"elementor-element elementor-element-79f7bdc jltma-glass-effect-no elementor-widget elementor-widget-heading\" data-id=\"79f7bdc\" data-element_type=\"widget\" data-e-type=\"widget\" data-widget_type=\"heading.default\">\n\t\t\t\t<div class=\"elementor-widget-container\">\n\t\t\t\t\t<span class=\"elementor-heading-title elementor-size-default\">Preparation \u00e0 la naissance<\/span>\t\t\t\t<\/div>\n\t\t\t\t<\/div>\n\t\t\t\t\t<\/div>\n\t\t<\/div>\n\t\t\t\t\t<\/div>\n\t\t<\/section>\n\t\t\t\t<section class=\"elementor-section elementor-top-section elementor-element elementor-element-13fe3c9f elementor-section-full_width elementor-section-height-default elementor-section-height-default jltma-glass-effect-no\" data-id=\"13fe3c9f\" data-element_type=\"section\" data-e-type=\"section\" data-settings=\"{&quot;background_background&quot;:&quot;classic&quot;}\">\n\t\t\t\t\t\t<div class=\"elementor-container elementor-column-gap-default\">\n\t\t\t\t\t<div class=\"elementor-column elementor-col-33 elementor-top-column elementor-element elementor-element-87aea95 jltma-glass-effect-no\" data-id=\"87aea95\" data-element_type=\"column\" data-e-type=\"column\">\n\t\t\t<div class=\"elementor-widget-wrap\">\n\t\t\t\t\t\t\t<\/div>\n\t\t<\/div>\n\t\t\t\t<div class=\"elementor-column elementor-col-33 elementor-top-column elementor-element elementor-element-18bb0de6 jltma-glass-effect-no\" data-id=\"18bb0de6\" data-element_type=\"column\" data-e-type=\"column\">\n\t\t\t<div class=\"elementor-widget-wrap elementor-element-populated\">\n\t\t\t\t\t\t<div class=\"elementor-element elementor-element-6abba3f jltma-glass-effect-no elementor-widget elementor-widget-text-editor\" data-id=\"6abba3f\" data-element_type=\"widget\" data-e-type=\"widget\" data-widget_type=\"text-editor.default\">\n\t\t\t\t<div class=\"elementor-widget-container\">\n\t\t\t\t\t\t\t\t\t<h4>Les cours peuvent \u00eatre suivis entre le 6\u00e9me et le 8\u00e9me mois de grossesse.<\/h4><h4>Nous nous retrouvons pour le hautage de plusieurs th\u00e8mes et informations utiles comme:<\/h4>\t\t\t\t\t\t\t\t<\/div>\n\t\t\t\t<\/div>\n\t\t\t\t<div class=\"elementor-element elementor-element-8c795fc jltma-glass-effect-no elementor-widget elementor-widget-text-editor\" data-id=\"8c795fc\" data-element_type=\"widget\" data-e-type=\"widget\" data-widget_type=\"text-editor.default\">\n\t\t\t\t<div class=\"elementor-widget-container\">\n\t\t\t\t\t\t\t\t\t<ul><li><h4>Le temps de la grossesse<\/h4><\/li><li><h4>L&rsquo;accouchement:<\/h4><\/li><\/ul>\t\t\t\t\t\t\t\t<\/div>\n\t\t\t\t<\/div>\n\t\t\t\t<section class=\"elementor-section elementor-inner-section elementor-element elementor-element-7096c90c elementor-section-content-top elementor-section-full_width elementor-section-height-min-height elementor-section-height-default jltma-glass-effect-no\" data-id=\"7096c90c\" data-element_type=\"section\" data-e-type=\"section\">\n\t\t\t\t\t\t<div class=\"elementor-container elementor-column-gap-default\">\n\t\t\t\t\t<div class=\"elementor-column elementor-col-100 elementor-inner-column elementor-element elementor-element-5880cc14 jltma-glass-effect-no\" data-id=\"5880cc14\" data-element_type=\"column\" data-e-type=\"column\">\n\t\t\t<div class=\"elementor-widget-wrap elementor-element-populated\">\n\t\t\t\t\t\t<div class=\"elementor-element elementor-element-fc8d5b1 jltma-glass-effect-no elementor-widget elementor-widget-text-editor\" data-id=\"fc8d5b1\" data-element_type=\"widget\" data-e-type=\"widget\" data-widget_type=\"text-editor.default\">\n\t\t\t\t<div class=\"elementor-widget-container\">\n\t\t\t\t\t\t\t\t\t<p>\u2192 Pre-travail<br \/>\u2192 Travail<br \/>\u2192 Naissance<br \/>\u2192 La place du mari pendant l&rsquo;accouchement<br \/>\u2192 Le retour \u00e0 la maison<br \/>\u2192 L&rsquo;allaitement<br \/>\u2192 Les soins au nouveau-n\u00e9<\/p>\t\t\t\t\t\t\t\t<\/div>\n\t\t\t\t<\/div>\n\t\t\t\t<div class=\"elementor-element elementor-element-063e006 jltma-glass-effect-no elementor-widget elementor-widget-text-editor\" data-id=\"063e006\" data-element_type=\"widget\" data-e-type=\"widget\" data-widget_type=\"text-editor.default\">\n\t\t\t\t<div class=\"elementor-widget-container\">\n\t\t\t\t\t\t\t\t\t<h4>Horaires et lieu des courses<\/h4>\n<h5>Les horaires, la dur\u00e9e et le nombre de s\u00e9ances s&rsquo;adaptent \u00e0 vos obligations personnelles et professionnelles<\/h5>\t\t\t\t\t\t\t\t<\/div>\n\t\t\t\t<\/div>\n\t\t\t\t<div class=\"elementor-element elementor-element-4bb800d5 elementor-button-info jltma-glass-effect-no elementor-widget elementor-widget-button\" data-id=\"4bb800d5\" data-element_type=\"widget\" data-e-type=\"widget\" data-widget_type=\"button.default\">\n\t\t\t\t<div class=\"elementor-widget-container\">\n\t\t\t\t\t\t\t\t\t<div class=\"elementor-button-wrapper\">\n\t\t\t\t\t<a class=\"elementor-button elementor-button-link elementor-size-sm elementor-animation-grow\" href=\"https:\/\/catysf.ch\/inscrevercurso\/\">\n\t\t\t\t\t\t<span class=\"elementor-button-content-wrapper\">\n\t\t\t\t\t\t\t\t\t<span class=\"elementor-button-text\">Inscription<\/span>\n\t\t\t\t\t<\/span>\n\t\t\t\t\t<\/a>\n\t\t\t\t<\/div>\n\t\t\t\t\t\t\t\t<\/div>\n\t\t\t\t<\/div>\n\t\t\t\t\t<\/div>\n\t\t<\/div>\n\t\t\t\t\t<\/div>\n\t\t<\/section>\n\t\t\t\t\t<\/div>\n\t\t<\/div>\n\t\t\t\t<div class=\"elementor-column elementor-col-33 elementor-top-column elementor-element elementor-element-d3d5c59 jltma-glass-effect-no\" data-id=\"d3d5c59\" data-element_type=\"column\" data-e-type=\"column\">\n\t\t\t<div class=\"elementor-widget-wrap\">\n\t\t\t\t\t\t\t<\/div>\n\t\t<\/div>\n\t\t\t\t\t<\/div>\n\t\t<\/section>\n\t\t\t\t<\/div>\n\t\t","protected":false},"excerpt":{"rendered":"<p>Preparation \u00e0 la naissance Les cours peuvent \u00eatre suivis entre le 6\u00e9me et le 8\u00e9me mois de grossesse. Nous nous retrouvons pour le hautage de plusieurs th\u00e8mes et informations utiles comme: Le temps de la grossesse L&rsquo;accouchement: \u2192 Pre-travail\u2192 Travail\u2192 Naissance\u2192 La place du mari pendant l&rsquo;accouchement\u2192 Le retour \u00e0 la maison\u2192 L&rsquo;allaitement\u2192 Les soins&hellip;&nbsp;<a href=\"https:\/\/catysf.ch\/fr_fr\/preparacaoparto\/\" rel=\"bookmark\">Lire la suite &raquo;<span class=\"screen-reader-text\">Preparacao_Parto<\/span><\/a><\/p>\n","protected":false},"author":2,"featured_media":0,"parent":0,"menu_order":0,"comment_status":"closed","ping_status":"closed","template":"page-templates\/template-pagebuilder-full-width.php","meta":{"neve_meta_sidebar":"","neve_meta_container":"","neve_meta_enable_content_width":"","neve_meta_content_width":0,"neve_meta_title_alignment":"","neve_meta_author_avatar":"","neve_post_elements_order":"","neve_meta_disable_header":"","neve_meta_disable_footer":"","neve_meta_disable_title":"","footnotes":""},"class_list":["post-1693","page","type-page","status-publish","hentry"],"_links":{"self":[{"href":"https:\/\/catysf.ch\/fr_fr\/wp-json\/wp\/v2\/pages\/1693","targetHints":{"allow":["GET"]}}],"collection":[{"href":"https:\/\/catysf.ch\/fr_fr\/wp-json\/wp\/v2\/pages"}],"about":[{"href":"https:\/\/catysf.ch\/fr_fr\/wp-json\/wp\/v2\/types\/page"}],"author":[{"embeddable":true,"href":"https:\/\/catysf.ch\/fr_fr\/wp-json\/wp\/v2\/users\/2"}],"replies":[{"embeddable":true,"href":"https:\/\/catysf.ch\/fr_fr\/wp-json\/wp\/v2\/comments?post=1693"}],"version-history":[{"count":106,"href":"https:\/\/catysf.ch\/fr_fr\/wp-json\/wp\/v2\/pages\/1693\/revisions"}],"predecessor-version":[{"id":2252,"href":"https:\/\/catysf.ch\/fr_fr\/wp-json\/wp\/v2\/pages\/1693\/revisions\/2252"}],"wp:attachment":[{"href":"https:\/\/catysf.ch\/fr_fr\/wp-json\/wp\/v2\/media?parent=1693"}],"curies":[{"name":"wp","href":"https:\/\/api.w.org\/{rel}","templated":true}]}}